{"id":1632,"date":"2022-06-21T10:36:14","date_gmt":"2022-06-21T10:36:14","guid":{"rendered":"https:\/\/www.fisiogun.es\/?page_id=1632"},"modified":"2022-06-21T10:36:16","modified_gmt":"2022-06-21T10:36:16","slug":"carga-del-patin","status":"publish","type":"page","link":"https:\/\/www.fisiogun.es\/en\/carga-del-patin\/","title":{"rendered":"Carga del pat\u00edn"},"content":{"rendered":"<ul class=\"wp-block-list\"><li>La primera carga ha de hacerla antes de usar el pat\u00edn y puede tardar hasta 8h. La luz del cargador se volver\u00e1 verde cuando est\u00e9 cargado.<\/li><\/ul>\n\n\n\n<ul class=\"wp-block-list\"><li>Despu\u00e9s de usarlo, <strong>SIEMPRE<\/strong>, deje que el pat\u00edn repose durante al menos <strong>30 minutos<\/strong> antes de volver a ponerlo en carga. As\u00ed se asegurar\u00e1 de que su bater\u00eda siempre est\u00e1 en perfecto estado.<\/li><\/ul>\n\n\n\n<ul class=\"wp-block-list\"><li>En el lateral derecho del pat\u00edn encontrar\u00e1 el <strong>conector de carga<\/strong>. Este conector es imprescindible que siempre est\u00e9 seco, una vez cargado, cierre totalmente este conector con el protector de agua que lleva.<\/li><\/ul>\n\n\n\n<ul class=\"wp-block-list\"><li>Si el conector est\u00e1 mojado o h\u00famedo y lo pone en carga provocar\u00e1 una aver\u00eda en el circuito de la bater\u00eda. Sea cuidadoso y siempre cierre este protector.<\/li><\/ul>","protected":false},"excerpt":{"rendered":"<p>La primera carga ha de hacerla antes de usar el pat\u00edn y puede tardar hasta 8h. La luz del cargador se volver\u00e1 verde cuando est\u00e9 cargado. Despu\u00e9s de usarlo, SIEMPRE, &#8230;<\/p>","protected":false},"author":1,"featured_media":0,"parent":0,"menu_order":0,"comment_status":"closed","ping_status":"closed","template":"","meta":{"footnotes":""},"class_list":["post-1632","page","type-page","status-publish","hentry"],"_links":{"self":[{"href":"https:\/\/www.fisiogun.es\/en\/wp-json\/wp\/v2\/pages\/1632","targetHints":{"allow":["GET"]}}],"collection":[{"href":"https:\/\/www.fisiogun.es\/en\/wp-json\/wp\/v2\/pages"}],"about":[{"href":"https:\/\/www.fisiogun.es\/en\/wp-json\/wp\/v2\/types\/page"}],"author":[{"embeddable":true,"href":"https:\/\/www.fisiogun.es\/en\/wp-json\/wp\/v2\/users\/1"}],"replies":[{"embeddable":true,"href":"https:\/\/www.fisiogun.es\/en\/wp-json\/wp\/v2\/comments?post=1632"}],"version-history":[{"count":1,"href":"https:\/\/www.fisiogun.es\/en\/wp-json\/wp\/v2\/pages\/1632\/revisions"}],"predecessor-version":[{"id":1633,"href":"https:\/\/www.fisiogun.es\/en\/wp-json\/wp\/v2\/pages\/1632\/revisions\/1633"}],"wp:attachment":[{"href":"https:\/\/www.fisiogun.es\/en\/wp-json\/wp\/v2\/media?parent=1632"}],"curies":[{"name":"wp","href":"https:\/\/api.w.org\/{rel}","templated":true}]}}