{"id":1694,"date":"2022-06-21T16:52:03","date_gmt":"2022-06-21T16:52:03","guid":{"rendered":"https:\/\/www.fisiogun.es\/?page_id=1694"},"modified":"2023-08-18T09:39:26","modified_gmt":"2023-08-18T09:39:26","slug":"gran-rendimiento-para-facilitar-la-conduccion","status":"publish","type":"page","link":"https:\/\/www.fisiogun.es\/en\/gran-rendimiento-para-facilitar-la-conduccion\/","title":{"rendered":"acerca de"},"content":{"rendered":"<figure class=\"wp-block-table is-style-regular has-medium-font-size\"><table><tbody><tr><td class=\" translation-block\">Relieves <strong>pain<\/strong> and <strong>spasms<\/strong>.<\/td><td class=\" translation-block\">Accelerates <strong>blood circulation.<\/strong><\/td><td class=\" translation-block\">Reduces <strong>inflammation<\/strong>.<\/td><\/tr><tr><td class=\" translation-block\"><strong>Reduces<\/strong> the accumulation of <strong>lactic acid<\/strong>.<\/td><td class=\" translation-block\">Relieves <strong>muscular fatigue<\/strong>.<\/td><td class=\" translation-block\">Different <strong>levels<\/strong> of <strong>intensity<\/strong>.<\/td><\/tr><\/tbody><\/table><\/figure>\n\n\n\n<div class=\"wp-block-columns is-layout-flex wp-container-core-columns-is-layout-9d6595d7 wp-block-columns-is-layout-flex\">\n<div class=\"wp-block-column is-layout-flow wp-block-column-is-layout-flow\" style=\"flex-basis:100%\">\n<div class=\"wp-block-cover is-light has-parallax has-custom-content-position is-position-bottom-center\" style=\"min-height:500px;aspect-ratio:unset;\"><span aria-hidden=\"true\" class=\"wp-block-cover__background has-background-dim-20 has-background-dim\"><\/span><div role=\"img\" class=\"wp-block-cover__image-background wp-image-1936 has-parallax\" style=\"background-position:50% 50%;background-image:url(https:\/\/www.fisiogun.es\/wp-content\/uploads\/2023\/08\/Fisiogun-Pro-4-scaled-1.jpg)\"><\/div><div class=\"wp-block-cover__inner-container is-layout-flow wp-block-cover-is-layout-flow\">\n<p class=\"has-text-align-left has-white-color has-text-color\" style=\"font-size:28px\">Reduces muscle stiffness and relieves muscle fatigue.<\/p>\n\n\n\n<p class=\"has-text-align-left has-white-color has-text-color translation-block\" style=\"font-size:15px\">Allows you to relax muscle stiffness, created for muscle massage after exercise.<br>Helps reduce muscle stiffness and relieve muscle fatigue.<br>Accelerates blood circulation and helps improve the overall health of muscle tissues of the body body.<br>Relieves pain and spasms caused by muscle bruises, sprains and strains.<br>Reduces inflammation and lactic acid buildup.<\/p>\n\n\n\n<p class=\"has-text-color\" style=\"color:#ffffff00\">12<\/p>\n<\/div><\/div>\n<\/div>\n<\/div>\n\n\n\n<div style=\"height:50px\" aria-hidden=\"true\" class=\"wp-block-spacer\"><\/div>\n\n\n\n<p class=\"has-text-color has-background has-large-font-size\" style=\"color:#000000b8;background-color:#abb7c21a\"><strong>Dise\u00f1o elegante, desde la luz hasta los neum\u00e1ticos.<\/strong><\/p>\n\n\n\n<div class=\"wp-block-media-text alignwide is-stacked-on-mobile\"><figure class=\"wp-block-media-text__media\"><img decoding=\"async\" src=\"https:\/\/www.fisiogun.es\/wp-content\/uploads\/2022\/06\/plegado-1024x528.jpg\" alt=\"\" class=\"wp-image-1722 size-full\"\/><\/figure><div class=\"wp-block-media-text__content\">\n<p class=\"has-text-align-left\" style=\"font-size:15px\"><strong>Minotauro One<\/strong> est\u00e1 dise\u00f1ado para las personas que quieren mantenerlo ligero y f\u00e1cil. Utiliza una aleaci\u00f3n de aluminio de baja densidad y alta resistencia aeroespacial, por lo que el peso neto del veh\u00edculo es de 19 kg, lo que lo hace f\u00e1cil de transportar.<\/p>\n\n\n\n<p class=\"has-text-align-left\" style=\"font-size:15px\">Tiene un <strong>dise\u00f1o minimalista.<\/strong> Si\u00e9ntete vivo mientras conduces, <strong>la vida pr\u00e1ctica empieza aqu\u00ed.<\/strong><\/p>\n<\/div><\/div>\n\n\n\n<div class=\"wp-block-media-text alignwide is-stacked-on-mobile has-background\" style=\"background-color:#abb7c200\"><figure class=\"wp-block-media-text__media\"><img decoding=\"async\" src=\"https:\/\/www.fisiogun.es\/wp-content\/uploads\/2022\/06\/DISPLAY-10-952x1024.png\" alt=\"\" class=\"wp-image-1726 size-full\"\/><\/figure><div class=\"wp-block-media-text__content\">\n<p class=\"has-text-align-left\"><strong>1. <\/strong>Velocidad en KM\/H.<br><strong>2.<\/strong> Velocidad de marchas: <br>&#8211; Modo peatonal: 10 km\/h<br>&#8211; Modo est\u00e1ndar: 15 km\/h<br>&#8211; Modo deportivo 3: 25 km\/h<br><strong>3.<\/strong> Luces encendidas.<br><strong>4.<\/strong> Freno activado.<br><strong>5.<\/strong> ODO: aparece al encenderse e indica los<br>KM totales recorridos.<br><strong>6.<\/strong> TRIP: km recorridos durante el \u00faltimo uso Al<br>apagarlo se pone de nuevo a cero.<br><strong>7.<\/strong> Estado de carga de la bater\u00eda. 4 l\u00edneas de<br>lleno de vac\u00edo<\/p>\n<\/div><\/div>\n\n\n\n<div class=\"wp-block-file\"><a id=\"wp-block-file--media-4d75479e-34af-4dcb-9ee9-95daae592134\" href=\"https:\/\/www.fisiogun.es\/wp-content\/uploads\/2022\/06\/Manual-Minotauro-One.pdf\">Manual Minotauro One<\/a><a href=\"https:\/\/www.fisiogun.es\/wp-content\/uploads\/2022\/06\/Manual-Minotauro-One.pdf\" class=\"wp-block-file__button wp-element-button\" download aria-describedby=\"wp-block-file--media-4d75479e-34af-4dcb-9ee9-95daae592134\">Download<\/a><\/div>\n\n\n\n<div class=\"wp-block-file\"><a id=\"wp-block-file--media-4d75479e-34af-4dcb-9ee9-95daae592134\" href=\"https:\/\/www.fisiogun.es\/wp-content\/uploads\/2022\/06\/Ficha-Monitauro-One.pdf\">Ficha Monitauro One<\/a><a href=\"https:\/\/www.fisiogun.es\/wp-content\/uploads\/2022\/06\/Ficha-Monitauro-One.pdf\" class=\"wp-block-file__button wp-element-button\" download aria-describedby=\"wp-block-file--media-4d75479e-34af-4dcb-9ee9-95daae592134\">Download<\/a><\/div>\n\n\n\n<div class=\"wp-block-jetpack-contact-form\">\n\n\n\n\n<\/div>\n\n\n\n<p><\/p>\n\n\n\n<hr class=\"wp-block-separator has-alpha-channel-opacity is-style-wide\"\/>\n\n\n<div class=\"wp-block-image\">\n<figure class=\"aligncenter size-large is-resized\"><img loading=\"lazy\" decoding=\"async\" src=\"https:\/\/www.fisiogun.es\/wp-content\/uploads\/2022\/07\/1-1024x865.png\" alt=\"\" class=\"wp-image-1846\" style=\"width:225px;height:189px\" width=\"225\" height=\"189\" srcset=\"https:\/\/www.fisiogun.es\/wp-content\/uploads\/2022\/07\/1-1024x865.png 1024w, https:\/\/www.fisiogun.es\/wp-content\/uploads\/2022\/07\/1-300x253.png 300w, https:\/\/www.fisiogun.es\/wp-content\/uploads\/2022\/07\/1-768x649.png 768w, https:\/\/www.fisiogun.es\/wp-content\/uploads\/2022\/07\/1-1536x1297.png 1536w, https:\/\/www.fisiogun.es\/wp-content\/uploads\/2022\/07\/1-2048x1730.png 2048w\" sizes=\"auto, (max-width: 225px) 100vw, 225px\" \/><\/figure>\n<\/div>\n\n<div class=\"wp-block-image\">\n<figure class=\"aligncenter size-large is-resized\"><img loading=\"lazy\" decoding=\"async\" src=\"https:\/\/www.fisiogun.es\/wp-content\/uploads\/2022\/07\/2-1024x865.png\" alt=\"\" class=\"wp-image-1847\" style=\"width:225px;height:189px\" width=\"225\" height=\"189\" srcset=\"https:\/\/www.fisiogun.es\/wp-content\/uploads\/2022\/07\/2-1024x865.png 1024w, https:\/\/www.fisiogun.es\/wp-content\/uploads\/2022\/07\/2-300x253.png 300w, https:\/\/www.fisiogun.es\/wp-content\/uploads\/2022\/07\/2-768x649.png 768w, https:\/\/www.fisiogun.es\/wp-content\/uploads\/2022\/07\/2-1536x1297.png 1536w, https:\/\/www.fisiogun.es\/wp-content\/uploads\/2022\/07\/2-2048x1730.png 2048w\" sizes=\"auto, (max-width: 225px) 100vw, 225px\" \/><\/figure>\n<\/div>","protected":false},"excerpt":{"rendered":"<p>Alivia el dolor y los espasmos. Acelera la circulaci\u00f3n sangu\u00ednea. Reduce la inflamaci\u00f3n. Reduce la acumulaci\u00f3n de \u00e1cido l\u00e1ctico. Alivia la fatiga muscular. Diferentes niveles de intensidad. Dise\u00f1o elegante, desde &#8230;<\/p>","protected":false},"author":1,"featured_media":0,"parent":0,"menu_order":0,"comment_status":"closed","ping_status":"closed","template":"","meta":{"footnotes":""},"class_list":["post-1694","page","type-page","status-publish","hentry"],"_links":{"self":[{"href":"https:\/\/www.fisiogun.es\/en\/wp-json\/wp\/v2\/pages\/1694","targetHints":{"allow":["GET"]}}],"collection":[{"href":"https:\/\/www.fisiogun.es\/en\/wp-json\/wp\/v2\/pages"}],"about":[{"href":"https:\/\/www.fisiogun.es\/en\/wp-json\/wp\/v2\/types\/page"}],"author":[{"embeddable":true,"href":"https:\/\/www.fisiogun.es\/en\/wp-json\/wp\/v2\/users\/1"}],"replies":[{"embeddable":true,"href":"https:\/\/www.fisiogun.es\/en\/wp-json\/wp\/v2\/comments?post=1694"}],"version-history":[{"count":8,"href":"https:\/\/www.fisiogun.es\/en\/wp-json\/wp\/v2\/pages\/1694\/revisions"}],"predecessor-version":[{"id":1937,"href":"https:\/\/www.fisiogun.es\/en\/wp-json\/wp\/v2\/pages\/1694\/revisions\/1937"}],"wp:attachment":[{"href":"https:\/\/www.fisiogun.es\/en\/wp-json\/wp\/v2\/media?parent=1694"}],"curies":[{"name":"wp","href":"https:\/\/api.w.org\/{rel}","templated":true}]}}