{"id":1598,"date":"2022-06-21T10:15:14","date_gmt":"2022-06-21T10:15:14","guid":{"rendered":"https:\/\/www.fisiogun.es\/?page_id=1598"},"modified":"2022-06-23T15:16:48","modified_gmt":"2022-06-23T15:16:48","slug":"seguridad","status":"publish","type":"page","link":"https:\/\/www.fisiogun.es\/es\/seguridad\/","title":{"rendered":"Seguridad"},"content":{"rendered":"\n<ul class=\"wp-block-list\"><li>Sus ruedas neum\u00e1ticas de 12\u201d te permiten pasar por encima de baches con mucha <strong>m\u00e1s seguridad.<\/strong><\/li><\/ul>\n\n\n\n<ul class=\"wp-block-list\"><li>Lleva <strong>doble sistema de freno<\/strong> de disco, delantero y trasero.<\/li><\/ul>\n\n\n\n<ul class=\"wp-block-list\"><li>Para la conducci\u00f3n de noche o con poca luz, tanto el <strong>faro delantero como el piloto trasero son potentes<\/strong> y te ayudan a ver y a ser visto con claridad.<\/li><\/ul>\n\n\n\n<ul class=\"wp-block-list\"><li><strong>Como a\u00f1adido a la seguridad utilizamos un motor de engranajes que hace un sonido t\u00edpico de motores el\u00e9ctricos y que facilita que los peatones nos escuchen mejor cuando nos acercamos lo que ayuda a prevenir posibles atropellos.<\/strong><\/li><\/ul>\n","protected":false},"excerpt":{"rendered":"<p>Sus ruedas neum\u00e1ticas de 12\u201d te permiten pasar por encima de baches con mucha m\u00e1s seguridad. Lleva doble sistema de freno de disco, delantero y trasero. Para la conducci\u00f3n de &#8230;<\/p>\n","protected":false},"author":1,"featured_media":0,"parent":0,"menu_order":0,"comment_status":"closed","ping_status":"closed","template":"","meta":{"footnotes":""},"class_list":["post-1598","page","type-page","status-publish","hentry"],"_links":{"self":[{"href":"https:\/\/www.fisiogun.es\/es\/wp-json\/wp\/v2\/pages\/1598","targetHints":{"allow":["GET"]}}],"collection":[{"href":"https:\/\/www.fisiogun.es\/es\/wp-json\/wp\/v2\/pages"}],"about":[{"href":"https:\/\/www.fisiogun.es\/es\/wp-json\/wp\/v2\/types\/page"}],"author":[{"embeddable":true,"href":"https:\/\/www.fisiogun.es\/es\/wp-json\/wp\/v2\/users\/1"}],"replies":[{"embeddable":true,"href":"https:\/\/www.fisiogun.es\/es\/wp-json\/wp\/v2\/comments?post=1598"}],"version-history":[{"count":6,"href":"https:\/\/www.fisiogun.es\/es\/wp-json\/wp\/v2\/pages\/1598\/revisions"}],"predecessor-version":[{"id":1761,"href":"https:\/\/www.fisiogun.es\/es\/wp-json\/wp\/v2\/pages\/1598\/revisions\/1761"}],"wp:attachment":[{"href":"https:\/\/www.fisiogun.es\/es\/wp-json\/wp\/v2\/media?parent=1598"}],"curies":[{"name":"wp","href":"https:\/\/api.w.org\/{rel}","templated":true}]}}