{"id":1630,"date":"2022-06-21T10:34:45","date_gmt":"2022-06-21T10:34:45","guid":{"rendered":"https:\/\/www.fisiogun.es\/?page_id=1630"},"modified":"2022-06-21T10:34:46","modified_gmt":"2022-06-21T10:34:46","slug":"display","status":"publish","type":"page","link":"https:\/\/www.fisiogun.es\/es\/display\/","title":{"rendered":"Display"},"content":{"rendered":"\n<p>Para encender y apagar el pat\u00edn, pulsa sostenidamente el bot\u00f3n que se encuentra bajo el display. Para cambiar de velocidad p\u00falsalo brevemente (click).<\/p>\n\n\n\n<p>En la parte central del manilla podr\u00e1s ver el display desde el cual te informa de:<\/p>\n\n\n\n<ul class=\"wp-block-list\"><li><strong>Velocidad<\/strong> en km\/h<\/li><li><strong>Estado de la bater\u00eda<\/strong> en 4 franjas. Lleno, medio alto, medio bajo, bajo. Cuando la \u00faltima raya empieza a parpadear indica que queda muy poco para que deje de funcionar y baja la potencia del pat\u00edn.<\/li><li><strong>Luz encendida o Luz apagada<\/strong><\/li><li><strong>Freno activado<\/strong><\/li><\/ul>\n","protected":false},"excerpt":{"rendered":"<p>Para encender y apagar el pat\u00edn, pulsa sostenidamente el bot\u00f3n que se encuentra bajo el display. Para cambiar de velocidad p\u00falsalo brevemente (click). En la parte central del manilla podr\u00e1s &#8230;<\/p>\n","protected":false},"author":1,"featured_media":0,"parent":0,"menu_order":0,"comment_status":"closed","ping_status":"closed","template":"","meta":{"footnotes":""},"class_list":["post-1630","page","type-page","status-publish","hentry"],"_links":{"self":[{"href":"https:\/\/www.fisiogun.es\/es\/wp-json\/wp\/v2\/pages\/1630","targetHints":{"allow":["GET"]}}],"collection":[{"href":"https:\/\/www.fisiogun.es\/es\/wp-json\/wp\/v2\/pages"}],"about":[{"href":"https:\/\/www.fisiogun.es\/es\/wp-json\/wp\/v2\/types\/page"}],"author":[{"embeddable":true,"href":"https:\/\/www.fisiogun.es\/es\/wp-json\/wp\/v2\/users\/1"}],"replies":[{"embeddable":true,"href":"https:\/\/www.fisiogun.es\/es\/wp-json\/wp\/v2\/comments?post=1630"}],"version-history":[{"count":1,"href":"https:\/\/www.fisiogun.es\/es\/wp-json\/wp\/v2\/pages\/1630\/revisions"}],"predecessor-version":[{"id":1631,"href":"https:\/\/www.fisiogun.es\/es\/wp-json\/wp\/v2\/pages\/1630\/revisions\/1631"}],"wp:attachment":[{"href":"https:\/\/www.fisiogun.es\/es\/wp-json\/wp\/v2\/media?parent=1630"}],"curies":[{"name":"wp","href":"https:\/\/api.w.org\/{rel}","templated":true}]}}